{"id":490,"date":"2019-02-01T13:32:18","date_gmt":"2019-02-01T13:32:18","guid":{"rendered":"http:\/\/www.nisantasihastanesi.com.tr\/?page_id=490"},"modified":"2019-02-15T07:36:48","modified_gmt":"2019-02-15T07:36:48","slug":"contact-us","status":"publish","type":"page","link":"https:\/\/nisantasihastanesi.com.tr\/en\/contact-us\/","title":{"rendered":"Contact Us"},"content":{"rendered":"<p>[contact-form-7 id=&#8221;464&#8243; title=&#8221;\u0130leti\u015fime Ge\u00e7elim&#8221;]<\/p>\n","protected":false},"excerpt":{"rendered":"<p>[contact-form-7 id=&#8221;464&#8243; title=&#8221;\u0130leti\u015fime Ge\u00e7elim&#8221;]<\/p>\n","protected":false},"author":1,"featured_media":0,"parent":0,"menu_order":7,"comment_status":"closed","ping_status":"closed","template":"iletisime-gecelim.php","meta":{"footnotes":""},"class_list":["post-490","page","type-page","status-publish","hentry"],"aioseo_notices":[],"_links":{"self":[{"href":"https:\/\/nisantasihastanesi.com.tr\/en\/wp-json\/wp\/v2\/pages\/490","targetHints":{"allow":["GET"]}}],"collection":[{"href":"https:\/\/nisantasihastanesi.com.tr\/en\/wp-json\/wp\/v2\/pages"}],"about":[{"href":"https:\/\/nisantasihastanesi.com.tr\/en\/wp-json\/wp\/v2\/types\/page"}],"author":[{"embeddable":true,"href":"https:\/\/nisantasihastanesi.com.tr\/en\/wp-json\/wp\/v2\/users\/1"}],"replies":[{"embeddable":true,"href":"https:\/\/nisantasihastanesi.com.tr\/en\/wp-json\/wp\/v2\/comments?post=490"}],"version-history":[{"count":0,"href":"https:\/\/nisantasihastanesi.com.tr\/en\/wp-json\/wp\/v2\/pages\/490\/revisions"}],"wp:attachment":[{"href":"https:\/\/nisantasihastanesi.com.tr\/en\/wp-json\/wp\/v2\/media?parent=490"}],"curies":[{"name":"wp","href":"https:\/\/api.w.org\/{rel}","templated":true}]}}