{"id":191,"date":"2019-01-30T06:43:09","date_gmt":"2019-01-30T06:43:09","guid":{"rendered":"http:\/\/www.nisantasihastanesi.com.tr\/?page_id=191"},"modified":"2019-02-14T14:35:48","modified_gmt":"2019-02-14T14:35:48","slug":"message-from-the-management-general-manager","status":"publish","type":"page","link":"https:\/\/nisantasihastanesi.com.tr\/en\/message-from-the-management-general-manager\/","title":{"rendered":"Message from the Management | General Manager"},"content":{"rendered":"<p><img decoding=\"async\" style=\"float: left; margin: 10px;\" src=\"http:\/\/www.nisantasihastanesi.com.tr\/wp-content\/uploads\/2019\/01\/Nisantasi-hastanesi-genel-mudur-murat-deste_1228472192018_-225x300.jpg\" \/><\/p>\n<p><strong>Message from the Board<\/strong><\/p>\n<p>As Ortado\u011fu Companies Group, we are excited to be able to add health industry among our ongoing activities in construction, transportation, food, industry, mining, energy and insurance industries in which we have experience more than thirty years, by Ni\u015fanta\u015f\u0131 Hospital and provide services to our country in the health industry as well.<\/p>\n<p><strong>Message from General Manager<\/strong><\/p>\n<p>Thanks to our experienced staff, our administrative staff working in a team spirit and our medical staff who are very good at their respective areas of expertise and who follow all the developments; Ni\u015fanta\u015f\u0131 Hospital is established with the aim of increasing patient satisfaction to the highest level and providing high quality health services.\u00a0 And thanks to the assurance of Ortado\u011fu Group, which has signed important projects in the health industry, Ni\u015fanta\u015f\u0131 Hospital shall continue to be more active in high quality health services with an ever increasing experience and shall continue it\u2019s effectiveness.<\/p>\n<p><strong>Murat DESTE<\/strong><br \/>\n<strong>General Manager<\/strong><\/p>\n<p>&nbsp;<\/p>\n","protected":false},"excerpt":{"rendered":"<p>Message from the Board As Ortado\u011fu Companies Group, we are excited to be able to add health industry among our ongoing activities in construction, transportation, food, industry, mining, energy and insurance industries in which we have experience more than thirty years, by Ni\u015fanta\u015f\u0131 Hospital and provide services to our country in the health industry as [&hellip;]<\/p>\n","protected":false},"author":1,"featured_media":0,"parent":0,"menu_order":9,"comment_status":"closed","ping_status":"closed","template":"","meta":{"footnotes":""},"class_list":["post-191","page","type-page","status-publish","hentry"],"aioseo_notices":[],"_links":{"self":[{"href":"https:\/\/nisantasihastanesi.com.tr\/en\/wp-json\/wp\/v2\/pages\/191","targetHints":{"allow":["GET"]}}],"collection":[{"href":"https:\/\/nisantasihastanesi.com.tr\/en\/wp-json\/wp\/v2\/pages"}],"about":[{"href":"https:\/\/nisantasihastanesi.com.tr\/en\/wp-json\/wp\/v2\/types\/page"}],"author":[{"embeddable":true,"href":"https:\/\/nisantasihastanesi.com.tr\/en\/wp-json\/wp\/v2\/users\/1"}],"replies":[{"embeddable":true,"href":"https:\/\/nisantasihastanesi.com.tr\/en\/wp-json\/wp\/v2\/comments?post=191"}],"version-history":[{"count":0,"href":"https:\/\/nisantasihastanesi.com.tr\/en\/wp-json\/wp\/v2\/pages\/191\/revisions"}],"wp:attachment":[{"href":"https:\/\/nisantasihastanesi.com.tr\/en\/wp-json\/wp\/v2\/media?parent=191"}],"curies":[{"name":"wp","href":"https:\/\/api.w.org\/{rel}","templated":true}]}}